{"id":892,"date":"2025-10-17T10:07:07","date_gmt":"2025-10-17T08:07:07","guid":{"rendered":"https:\/\/www.agodets.com\/about-us\/"},"modified":"2025-11-24T12:59:39","modified_gmt":"2025-11-24T11:59:39","slug":"about-us","status":"publish","type":"page","link":"https:\/\/www.agodets.com\/en\/about-us\/","title":{"rendered":"About Us"},"content":{"rendered":"\t\t<div data-elementor-type=\"wp-page\" data-elementor-id=\"892\" class=\"elementor elementor-892 elementor-11\" data-elementor-post-type=\"page\">\n\t\t\t\t<div class=\"elementor-element elementor-element-8e96eaf e-flex e-con-boxed e-con e-parent\" data-id=\"8e96eaf\" data-element_type=\"container\" data-settings=\"{&quot;background_background&quot;:&quot;classic&quot;}\">\n\t\t\t\t\t<div class=\"e-con-inner\">\n\t\t\t\t<div class=\"elementor-element elementor-element-ed9bc92 elementor-widget elementor-widget-heading\" data-id=\"ed9bc92\" data-element_type=\"widget\" data-widget_type=\"heading.default\">\n\t\t\t\t\t<h1 class=\"elementor-heading-title elementor-size-default\">about us<\/h1>\t\t\t\t<\/div>\n\t\t\t\t<div class=\"elementor-element elementor-element-43ae98a elementor-widget elementor-widget-shortcode\" data-id=\"43ae98a\" data-element_type=\"widget\" data-widget_type=\"shortcode.default\">\n\t\t\t\t\t\t\t<div class=\"elementor-shortcode\"><nav aria-label=\"breadcrumbs\" class=\"rank-math-breadcrumb\"><p><span class=\"last\">Home<\/span><\/p><\/nav><\/div>\n\t\t\t\t\t\t<\/div>\n\t\t\t\t\t<\/div>\n\t\t\t\t<\/div>\n\t\t<div class=\"elementor-element elementor-element-540ac6e e-flex e-con-boxed e-con e-parent\" data-id=\"540ac6e\" data-element_type=\"container\">\n\t\t\t\t\t<div class=\"e-con-inner\">\n\t\t<div class=\"elementor-element elementor-element-6973946 e-con-full e-flex e-con e-child\" data-id=\"6973946\" data-element_type=\"container\">\n\t\t<div class=\"elementor-element elementor-element-d3c5a58 e-con-full e-flex e-con e-child\" data-id=\"d3c5a58\" data-element_type=\"container\">\n\t\t\t\t<div class=\"elementor-element elementor-element-5f54f5e elementor-widget elementor-widget-heading\" data-id=\"5f54f5e\" data-element_type=\"widget\" data-widget_type=\"heading.default\">\n\t\t\t\t\t<h2 class=\"elementor-heading-title elementor-size-default\">\u00c1 GODETS UPHOLSTERY IBIZA \u00b7 madrid<\/h2>\t\t\t\t<\/div>\n\t\t\t\t<div class=\"elementor-element elementor-element-5f75708 elementor-widget elementor-widget-text-editor\" data-id=\"5f75708\" data-element_type=\"widget\" data-widget_type=\"text-editor.default\">\n\t\t\t\t\t\t\t\t\t<p>\u00c0 G\u00f3dets es un equipo multidisciplinar fundado en 2008 en <strong>Ibiza (Islas Baleares),<\/strong> formado por profesionales con una s\u00f3lida trayectoria en el sector textil. Nuestro objetivo siempre ha sido ofrecer resultados de alta calidad, combinando experiencia, creatividad y compromiso.<br><br>Tras 17 a\u00f1os de actividad en Ibiza, comenzamos una nueva etapa en <strong>Torrelodones (Madrid),<\/strong> con la misma pasi\u00f3n y profesionalidad que nos ha caracterizado desde el principio. Nos ilusiona poder aportar toda nuestra experiencia a nuevos clientes en la Comunidad de Madrid.<\/p>\t\t\t\t\t\t\t\t<\/div>\n\t\t<div class=\"elementor-element elementor-element-1dd2391 e-con-full e-flex e-con e-child\" data-id=\"1dd2391\" data-element_type=\"container\">\n\t\t\t\t<div class=\"elementor-element elementor-element-523159e elementor-widget elementor-widget-button\" data-id=\"523159e\" data-element_type=\"widget\" data-widget_type=\"button.default\">\n\t\t\t\t\t\t\t\t\t\t<a class=\"elementor-button elementor-button-link elementor-size-sm\" href=\"https:\/\/www.agodets.com\/en\/contact\/\">\n\t\t\t\t\t\t<span class=\"elementor-button-content-wrapper\">\n\t\t\t\t\t\t\t\t\t<span class=\"elementor-button-text\">CONTACT US<\/span>\n\t\t\t\t\t<\/span>\n\t\t\t\t\t<\/a>\n\t\t\t\t\t\t\t\t<\/div>\n\t\t\t\t<\/div>\n\t\t\t\t<\/div>\n\t\t<div class=\"elementor-element elementor-element-ac1d1ea e-con-full e-flex e-con e-child\" data-id=\"ac1d1ea\" data-element_type=\"container\" data-settings=\"{&quot;background_background&quot;:&quot;classic&quot;}\">\n\t\t\t\t<div class=\"elementor-element elementor-element-156ba3d img-backcover-effect elementor-widget elementor-widget-image\" data-id=\"156ba3d\" data-element_type=\"widget\" data-widget_type=\"image.default\">\n\t\t\t\t\t\t\t\t\t\t\t\t\t\t\t<img fetchpriority=\"high\" decoding=\"async\" width=\"1131\" height=\"750\" src=\"https:\/\/www.agodets.com\/wp-content\/uploads\/2025\/10\/A-godets-Tapiceria.webp\" class=\"attachment-full size-full wp-image-887\" alt=\"\" srcset=\"https:\/\/www.agodets.com\/wp-content\/uploads\/2025\/10\/A-godets-Tapiceria.webp 1131w, https:\/\/www.agodets.com\/wp-content\/uploads\/2025\/10\/A-godets-Tapiceria-300x199.webp 300w, https:\/\/www.agodets.com\/wp-content\/uploads\/2025\/10\/A-godets-Tapiceria-1024x679.webp 1024w, https:\/\/www.agodets.com\/wp-content\/uploads\/2025\/10\/A-godets-Tapiceria-768x509.webp 768w\" sizes=\"(max-width: 1131px) 100vw, 1131px\" title=\"\">\t\t\t\t\t\t\t\t\t\t\t\t\t\t\t<\/div>\n\t\t\t\t<\/div>\n\t\t\t\t<\/div>\n\t\t\t\t\t<\/div>\n\t\t\t\t<\/div>\n\t\t<div class=\"elementor-element elementor-element-5d7b4d9 e-flex e-con-boxed e-con e-parent\" data-id=\"5d7b4d9\" data-element_type=\"container\">\n\t\t\t\t\t<div class=\"e-con-inner\">\n\t\t<div class=\"elementor-element elementor-element-36a43e8 e-con-full e-flex e-con e-child\" data-id=\"36a43e8\" data-element_type=\"container\">\n\t\t<div class=\"elementor-element elementor-element-911d9f4 e-con-full e-flex e-con e-child\" data-id=\"911d9f4\" data-element_type=\"container\" data-settings=\"{&quot;background_background&quot;:&quot;classic&quot;}\">\n\t\t\t\t<div class=\"elementor-element elementor-element-33b6624 img-backcover-effect elementor-widget elementor-widget-image\" data-id=\"33b6624\" data-element_type=\"widget\" data-widget_type=\"image.default\">\n\t\t\t\t\t\t\t\t\t\t\t\t\t\t\t<img decoding=\"async\" width=\"1131\" height=\"750\" src=\"https:\/\/www.agodets.com\/wp-content\/uploads\/2025\/10\/A-godets-Edificios-Emblematicos.webp\" class=\"attachment-full size-full wp-image-888\" alt=\"\" srcset=\"https:\/\/www.agodets.com\/wp-content\/uploads\/2025\/10\/A-godets-Edificios-Emblematicos.webp 1131w, https:\/\/www.agodets.com\/wp-content\/uploads\/2025\/10\/A-godets-Edificios-Emblematicos-300x199.webp 300w, https:\/\/www.agodets.com\/wp-content\/uploads\/2025\/10\/A-godets-Edificios-Emblematicos-1024x679.webp 1024w, https:\/\/www.agodets.com\/wp-content\/uploads\/2025\/10\/A-godets-Edificios-Emblematicos-768x509.webp 768w\" sizes=\"(max-width: 1131px) 100vw, 1131px\" title=\"\">\t\t\t\t\t\t\t\t\t\t\t\t\t\t\t<\/div>\n\t\t\t\t<\/div>\n\t\t<div class=\"elementor-element elementor-element-014fa0d e-con-full e-flex e-con e-child\" data-id=\"014fa0d\" data-element_type=\"container\">\n\t\t<div class=\"elementor-element elementor-element-477f663 e-con-full e-flex e-con e-child\" data-id=\"477f663\" data-element_type=\"container\">\n\t\t\t\t<div class=\"elementor-element elementor-element-79d9909 elementor-widget elementor-widget-heading\" data-id=\"79d9909\" data-element_type=\"widget\" data-widget_type=\"heading.default\">\n\t\t\t\t\t<h3 class=\"elementor-heading-title elementor-size-default\">emblematic buildings<\/h3>\t\t\t\t<\/div>\n\t\t\t\t<div class=\"elementor-element elementor-element-74528a1 sin-margen-lista elementor-widget elementor-widget-text-editor\" data-id=\"74528a1\" data-element_type=\"widget\" data-widget_type=\"text-editor.default\">\n\t\t\t\t\t\t\t\t\t<ul><li>Las Boas Building<\/li><li>Las Terrazas Building<\/li><li>Miramar Building<\/li><li>Patio Blanco Building<\/li><\/ul>\t\t\t\t\t\t\t\t<\/div>\n\t\t\t\t<\/div>\n\t\t<div class=\"elementor-element elementor-element-c2d10d3 e-con-full e-flex e-con e-child\" data-id=\"c2d10d3\" data-element_type=\"container\">\n\t\t\t\t<div class=\"elementor-element elementor-element-42ab07d elementor-widget elementor-widget-heading\" data-id=\"42ab07d\" data-element_type=\"widget\" data-widget_type=\"heading.default\">\n\t\t\t\t\t<h3 class=\"elementor-heading-title elementor-size-default\">high-end residential complexes<\/h3>\t\t\t\t<\/div>\n\t\t\t\t<div class=\"elementor-element elementor-element-d599caa sin-margen-lista elementor-widget elementor-widget-text-editor\" data-id=\"d599caa\" data-element_type=\"widget\" data-widget_type=\"text-editor.default\">\n\t\t\t\t\t\t\t\t\t<ul><li>White Angel Talamanca  <\/li><li>Es Pouet  <\/li><li>Sabina Estate  <\/li><li>Roca Llisa Golf<\/li><\/ul>\t\t\t\t\t\t\t\t<\/div>\n\t\t\t\t<\/div>\n\t\t\t\t<\/div>\n\t\t\t\t<\/div>\n\t\t\t\t\t<\/div>\n\t\t\t\t<\/div>\n\t\t<div class=\"elementor-element elementor-element-954b1e1 e-flex e-con-boxed e-con e-parent\" data-id=\"954b1e1\" data-element_type=\"container\">\n\t\t\t\t\t<div class=\"e-con-inner\">\n\t\t<div class=\"elementor-element elementor-element-4ca9862 e-con-full e-flex e-con e-child\" data-id=\"4ca9862\" data-element_type=\"container\">\n\t\t<div class=\"elementor-element elementor-element-890042a e-con-full e-flex e-con e-child\" data-id=\"890042a\" data-element_type=\"container\">\n\t\t\t\t<div class=\"elementor-element elementor-element-85508cf elementor-widget elementor-widget-text-editor\" data-id=\"85508cf\" data-element_type=\"widget\" data-widget_type=\"text-editor.default\">\n\t\t\t\t\t\t\t\t\t<p>As well as in <strong>luxury private villas<\/strong>, such as: Can Cimera, Can Xicu, Can Llim\u00f3, The Rocks Ibiza, The Wave&#8230; <br><br>In addition, we have collaborated with numerous <strong>beach clubs<\/strong> (Cala Bonita, Beso Beach, Cap des Falc\u00f3, Cotton Beach Club), <strong>hotels<\/strong> (Me Ibiza Meli\u00e1, Hard Rock Hotel, Ibiza Rocks, Ca Na Xica, Cas Pl\u00e1), <strong>restaurants<\/strong> (Roto, 528), nightclubs (DC10, 528) and <strong>boats<\/strong>.<br><br>You can find a gallery of photographs of our work on this website. <br><br>We have also worked closely with real estate professionals (architects, surveyors, interior designers), coordinating different trades in new construction or renovation projects.<\/p>\t\t\t\t\t\t\t\t<\/div>\n\t\t<div class=\"elementor-element elementor-element-812216e e-con-full e-flex e-con e-child\" data-id=\"812216e\" data-element_type=\"container\">\n\t\t\t\t<div class=\"elementor-element elementor-element-e852f40 elementor-widget elementor-widget-button\" data-id=\"e852f40\" data-element_type=\"widget\" data-widget_type=\"button.default\">\n\t\t\t\t\t\t\t\t\t\t<a class=\"elementor-button elementor-button-link elementor-size-sm\" href=\"https:\/\/www.agodets.com\/en\/contact\/\">\n\t\t\t\t\t\t<span class=\"elementor-button-content-wrapper\">\n\t\t\t\t\t\t\t\t\t<span class=\"elementor-button-text\">CONTACT US<\/span>\n\t\t\t\t\t<\/span>\n\t\t\t\t\t<\/a>\n\t\t\t\t\t\t\t\t<\/div>\n\t\t\t\t<\/div>\n\t\t\t\t<\/div>\n\t\t<div class=\"elementor-element elementor-element-8bec8e1 e-con-full e-flex e-con e-child\" data-id=\"8bec8e1\" data-element_type=\"container\" data-settings=\"{&quot;background_background&quot;:&quot;classic&quot;}\">\n\t\t\t\t<div class=\"elementor-element elementor-element-4d3a8c5 img-backcover-effect elementor-widget elementor-widget-image\" data-id=\"4d3a8c5\" data-element_type=\"widget\" data-widget_type=\"image.default\">\n\t\t\t\t\t\t\t\t\t\t\t\t\t\t\t<img decoding=\"async\" width=\"1131\" height=\"750\" src=\"https:\/\/www.agodets.com\/wp-content\/uploads\/2025\/10\/A-godets-Tienda.webp\" class=\"attachment-full size-full wp-image-890\" alt=\"\" srcset=\"https:\/\/www.agodets.com\/wp-content\/uploads\/2025\/10\/A-godets-Tienda.webp 1131w, https:\/\/www.agodets.com\/wp-content\/uploads\/2025\/10\/A-godets-Tienda-300x199.webp 300w, https:\/\/www.agodets.com\/wp-content\/uploads\/2025\/10\/A-godets-Tienda-1024x679.webp 1024w, https:\/\/www.agodets.com\/wp-content\/uploads\/2025\/10\/A-godets-Tienda-768x509.webp 768w\" sizes=\"(max-width: 1131px) 100vw, 1131px\" title=\"\">\t\t\t\t\t\t\t\t\t\t\t\t\t\t\t<\/div>\n\t\t\t\t<\/div>\n\t\t\t\t<\/div>\n\t\t\t\t\t<\/div>\n\t\t\t\t<\/div>\n\t\t\t\t<\/div>\n\t\t","protected":false},"excerpt":{"rendered":"<p>about us \u00c1 GODETS UPHOLSTERY IBIZA \u00b7 madrid \u00c0 G\u00f3dets es un equipo multidisciplinar fundado en 2008 en Ibiza (Islas Baleares), formado por profesionales con una s\u00f3lida trayectoria en el sector textil. Nuestro objetivo siempre ha sido ofrecer resultados de alta calidad, combinando experiencia, creatividad y compromiso. Tras 17 a\u00f1os de actividad en Ibiza, comenzamos [&hellip;]<\/p>\n","protected":false},"author":1,"featured_media":0,"parent":0,"menu_order":0,"comment_status":"closed","ping_status":"closed","template":"","meta":{"_acf_changed":false,"footnotes":""},"class_list":["post-892","page","type-page","status-publish","hentry"],"acf":[],"_links":{"self":[{"href":"https:\/\/www.agodets.com\/en\/wp-json\/wp\/v2\/pages\/892","targetHints":{"allow":["GET"]}}],"collection":[{"href":"https:\/\/www.agodets.com\/en\/wp-json\/wp\/v2\/pages"}],"about":[{"href":"https:\/\/www.agodets.com\/en\/wp-json\/wp\/v2\/types\/page"}],"author":[{"embeddable":true,"href":"https:\/\/www.agodets.com\/en\/wp-json\/wp\/v2\/users\/1"}],"replies":[{"embeddable":true,"href":"https:\/\/www.agodets.com\/en\/wp-json\/wp\/v2\/comments?post=892"}],"version-history":[{"count":3,"href":"https:\/\/www.agodets.com\/en\/wp-json\/wp\/v2\/pages\/892\/revisions"}],"predecessor-version":[{"id":1217,"href":"https:\/\/www.agodets.com\/en\/wp-json\/wp\/v2\/pages\/892\/revisions\/1217"}],"wp:attachment":[{"href":"https:\/\/www.agodets.com\/en\/wp-json\/wp\/v2\/media?parent=892"}],"curies":[{"name":"wp","href":"https:\/\/api.w.org\/{rel}","templated":true}]}}